{"id":2379,"date":"2025-06-11T22:30:59","date_gmt":"2025-06-11T20:30:59","guid":{"rendered":"http:\/\/aethic-assurpret.fr\/?page_id=2379"},"modified":"2025-06-11T22:40:15","modified_gmt":"2025-06-11T20:40:15","slug":"mentions-legales","status":"publish","type":"page","link":"http:\/\/aethic-assurpret.fr\/?page_id=2379","title":{"rendered":"Mentions L\u00e9gales"},"content":{"rendered":"\t\t<div data-elementor-type=\"wp-page\" data-elementor-id=\"2379\" class=\"elementor elementor-2379\">\n\t\t\t\t\t\t\t\t\t<section class=\"elementor-section elementor-top-section elementor-element elementor-element-1607b60b elementor-section-content-middle elementor-section-boxed elementor-section-height-default elementor-section-height-default\" data-id=\"1607b60b\" data-element_type=\"section\" data-settings=\"{&quot;background_background&quot;:&quot;classic&quot;}\">\n\t\t\t\t\t\t<div class=\"elementor-container elementor-column-gap-default\">\n\t\t\t\t\t<div class=\"elementor-column elementor-col-100 elementor-top-column elementor-element elementor-element-3d145352\" data-id=\"3d145352\" data-element_type=\"column\">\n\t\t\t<div class=\"elementor-widget-wrap elementor-element-populated\">\n\t\t\t\t\t\t\t\t<div class=\"elementor-element elementor-element-a28680 elementor-widget elementor-widget-spacer\" data-id=\"a28680\" data-element_type=\"widget\" data-widget_type=\"spacer.default\">\n\t\t\t\t<div class=\"elementor-widget-container\">\n\t\t\t<style>\/*! elementor - v3.6.2 - 04-04-2022 *\/\n.e-container.e-container--row .elementor-spacer-inner{width:var(--spacer-size)}.e-container.e-container--column .elementor-spacer-inner,.elementor-column .elementor-spacer-inner{height:var(--spacer-size)}<\/style>\t\t<div class=\"elementor-spacer\">\n\t\t\t<div class=\"elementor-spacer-inner\"><\/div>\n\t\t<\/div>\n\t\t\t\t<\/div>\n\t\t\t\t<\/div>\n\t\t\t\t<div class=\"elementor-element elementor-element-2c4ff50e elementor-widget elementor-widget-heading\" data-id=\"2c4ff50e\" data-element_type=\"widget\" data-widget_type=\"heading.default\">\n\t\t\t\t<div class=\"elementor-widget-container\">\n\t\t\t<style>\/*! elementor - v3.6.2 - 04-04-2022 *\/\n.elementor-heading-title{padding:0;margin:0;line-height:1}.elementor-widget-heading .elementor-heading-title[class*=elementor-size-]>a{color:inherit;font-size:inherit;line-height:inherit}.elementor-widget-heading .elementor-heading-title.elementor-size-small{font-size:15px}.elementor-widget-heading .elementor-heading-title.elementor-size-medium{font-size:19px}.elementor-widget-heading .elementor-heading-title.elementor-size-large{font-size:29px}.elementor-widget-heading .elementor-heading-title.elementor-size-xl{font-size:39px}.elementor-widget-heading .elementor-heading-title.elementor-size-xxl{font-size:59px}<\/style><h2 class=\"elementor-heading-title elementor-size-default\">Mentions L\u00e9gales<\/h2>\t\t<\/div>\n\t\t\t\t<\/div>\n\t\t\t\t<div class=\"elementor-element elementor-element-59cdf739 elementor-widget elementor-widget-text-editor\" data-id=\"59cdf739\" data-element_type=\"widget\" data-widget_type=\"text-editor.default\">\n\t\t\t\t<div class=\"elementor-widget-container\">\n\t\t\t<style>\/*! elementor - v3.6.2 - 04-04-2022 *\/\n.elementor-widget-text-editor.elementor-drop-cap-view-stacked .elementor-drop-cap{background-color:#818a91;color:#fff}.elementor-widget-text-editor.elementor-drop-cap-view-framed .elementor-drop-cap{color:#818a91;border:3px solid;background-color:transparent}.elementor-widget-text-editor:not(.elementor-drop-cap-view-default) .elementor-drop-cap{margin-top:8px}.elementor-widget-text-editor:not(.elementor-drop-cap-view-default) .elementor-drop-cap-letter{width:1em;height:1em}.elementor-widget-text-editor .elementor-drop-cap{float:left;text-align:center;line-height:1;font-size:50px}.elementor-widget-text-editor .elementor-drop-cap-letter{display:inline-block}<\/style>\t\t\t\t\t\t\t\t\t\t<\/div>\n\t\t\t\t<\/div>\n\t\t\t\t<div class=\"elementor-element elementor-element-980bc08 elementor-widget elementor-widget-spacer\" data-id=\"980bc08\" data-element_type=\"widget\" data-widget_type=\"spacer.default\">\n\t\t\t\t<div class=\"elementor-widget-container\">\n\t\t\t\t\t<div class=\"elementor-spacer\">\n\t\t\t<div class=\"elementor-spacer-inner\"><\/div>\n\t\t<\/div>\n\t\t\t\t<\/div>\n\t\t\t\t<\/div>\n\t\t\t\t\t<\/div>\n\t\t<\/div>\n\t\t\t\t\t\t\t<\/div>\n\t\t<\/section>\n\t\t\t\t<section class=\"elementor-section elementor-top-section elementor-element elementor-element-1f1dc661 elementor-section-boxed elementor-section-height-default elementor-section-height-default\" data-id=\"1f1dc661\" data-element_type=\"section\">\n\t\t\t\t\t\t<div class=\"elementor-container elementor-column-gap-default\">\n\t\t\t\t\t<div class=\"elementor-column elementor-col-100 elementor-top-column elementor-element elementor-element-f5284cd\" data-id=\"f5284cd\" data-element_type=\"column\">\n\t\t\t<div class=\"elementor-widget-wrap elementor-element-populated\">\n\t\t\t\t\t\t\t\t<div class=\"elementor-element elementor-element-38bb7e0b elementor-widget elementor-widget-heading\" data-id=\"38bb7e0b\" data-element_type=\"widget\" data-widget_type=\"heading.default\">\n\t\t\t\t<div class=\"elementor-widget-container\">\n\t\t\t<h2 class=\"elementor-heading-title elementor-size-default\">1. Editeur du site<\/h2>\t\t<\/div>\n\t\t\t\t<\/div>\n\t\t\t\t<div class=\"elementor-element elementor-element-7799e766 elementor-widget elementor-widget-text-editor\" data-id=\"7799e766\" data-element_type=\"widget\" data-widget_type=\"text-editor.default\">\n\t\t\t\t<div class=\"elementor-widget-container\">\n\t\t\t\t\t\t\t<p data-start=\"215\" data-end=\"417\">Le site <strong data-start=\"223\" data-end=\"250\"><a class=\"\" href=\"http:\/\/www.aethic-assurpret.fr\" target=\"_new\" rel=\"noopener\" data-start=\"225\" data-end=\"248\">www.aethic-assurpret.fr<\/a><\/strong> est la propri\u00e9t\u00e9 de la soci\u00e9t\u00e9 <strong data-start=\"282\" data-end=\"303\">Aethic-<\/strong><span style=\"font-family: Lato; font-size: 16px; font-style: normal; font-variant-ligatures: normal; font-variant-caps: normal; font-weight: 600;\">Assurpr\u00eat<\/span><span style=\"font-size: 16px;\">, SARL au capital social de <\/span><strong style=\"font-size: 16px;\" data-start=\"331\" data-end=\"344\">101.000 \u20ac<\/strong><span style=\"font-size: 16px;\">, immatricul\u00e9e au <\/span><strong style=\"font-size: 16px;\" data-start=\"362\" data-end=\"377\">RCS de Lyon<\/strong><span style=\"font-size: 16px;\"> sous le num\u00e9ro <\/span><strong style=\"font-size: 16px;\" data-start=\"393\" data-end=\"414\">SIREN 844 140 400<\/strong><span style=\"font-size: 16px;\">.<\/span><\/p><p data-start=\"419\" data-end=\"506\"><strong data-start=\"419\" data-end=\"437\">Si\u00e8ge social :<\/strong><br data-start=\"437\" data-end=\"440\" \/>Aethic Assurances<br data-start=\"457\" data-end=\"460\" \/>25 rue du Ch\u00e2tenay<br data-start=\"478\" data-end=\"481\" \/>69680 CHASSIEU \u2013 France<\/p><p data-start=\"508\" data-end=\"559\"><strong data-start=\"508\" data-end=\"541\">Directeur de la publication :<\/strong><br data-start=\"541\" data-end=\"544\" \/>Jean-Marc Fabi\u00e9<\/p>\t\t\t\t\t\t<\/div>\n\t\t\t\t<\/div>\n\t\t\t\t<div class=\"elementor-element elementor-element-7c69475 elementor-widget elementor-widget-heading\" data-id=\"7c69475\" data-element_type=\"widget\" data-widget_type=\"heading.default\">\n\t\t\t\t<div class=\"elementor-widget-container\">\n\t\t\t<h2 class=\"elementor-heading-title elementor-size-default\">2. H\u00e9bergement du site<\/h2>\t\t<\/div>\n\t\t\t\t<\/div>\n\t\t\t\t<div class=\"elementor-element elementor-element-13443a79 elementor-widget elementor-widget-text-editor\" data-id=\"13443a79\" data-element_type=\"widget\" data-widget_type=\"text-editor.default\">\n\t\t\t\t<div class=\"elementor-widget-container\">\n\t\t\t\t\t\t\t<p data-start=\"1353\" data-end=\"1413\">Le site est h\u00e9berg\u00e9 par :\u00a0<a href=\"https:\/\/www.ovhcloud.com\/fr\/\"><strong data-start=\"622\" data-end=\"633\">OVH SAS<\/strong><\/a><br data-start=\"633\" data-end=\"636\" \/>SIREN : 424 761 419<br data-start=\"655\" data-end=\"658\" \/>2 rue Kellermann \u2013 59100 Roubaix \u2013 France<br data-start=\"699\" data-end=\"702\" \/>\ud83d\udcde 09 72 10 10 07<br data-start=\"738\" data-end=\"741\" \/>\ud83c\udf10 <a class=\"\" href=\"https:\/\/www.ovh.com\/fr\/\" target=\"_new\" rel=\"noopener\" data-start=\"744\" data-end=\"794\">https:\/\/www.ovh.com\/fr\/<\/a><\/p>\t\t\t\t\t\t<\/div>\n\t\t\t\t<\/div>\n\t\t\t\t<div class=\"elementor-element elementor-element-7e15ccb2 elementor-widget elementor-widget-heading\" data-id=\"7e15ccb2\" data-element_type=\"widget\" data-widget_type=\"heading.default\">\n\t\t\t\t<div class=\"elementor-widget-container\">\n\t\t\t<h2 class=\"elementor-heading-title elementor-size-default\">3. Propri\u00e9t\u00e9 intellectuelle<\/h2>\t\t<\/div>\n\t\t\t\t<\/div>\n\t\t\t\t<div class=\"elementor-element elementor-element-67ff15c3 elementor-widget elementor-widget-text-editor\" data-id=\"67ff15c3\" data-element_type=\"widget\" data-widget_type=\"text-editor.default\">\n\t\t\t\t<div class=\"elementor-widget-container\">\n\t\t\t\t\t\t\t<p data-start=\"834\" data-end=\"1081\">Tous les \u00e9l\u00e9ments pr\u00e9sents sur ce site (logos, textes, images, vid\u00e9os, sons, logiciels, savoir-faire, etc.) sont prot\u00e9g\u00e9s par le Code de la propri\u00e9t\u00e9 intellectuelle et sont la propri\u00e9t\u00e9 exclusive de <strong data-start=\"1033\" data-end=\"1054\">Aethic-<\/strong><span style=\"font-variant-ligatures: normal; font-variant-caps: normal; font-family: Lato; font-size: 16px; font-style: normal; font-weight: 600;\" data-start=\"1363\" data-end=\"1384\">Assurpr\u00eat<\/span>, sauf mention contraire.<\/p><p data-start=\"1083\" data-end=\"1385\">Aucune licence ni aucun droit autre que celui de consulter le site n\u2019est conf\u00e9r\u00e9. Toute reproduction, repr\u00e9sentation, diffusion, ou utilisation, totale ou partielle, de ces \u00e9l\u00e9ments \u00e0 d\u2019autres fins que l\u2019usage strictement priv\u00e9 est interdite sans autorisation pr\u00e9alable \u00e9crite de <strong data-start=\"1363\" data-end=\"1384\">Aethic-Assurpr\u00eat<\/strong>.<\/p>\t\t\t\t\t\t<\/div>\n\t\t\t\t<\/div>\n\t\t\t\t<div class=\"elementor-element elementor-element-3ccebc45 elementor-widget elementor-widget-heading\" data-id=\"3ccebc45\" data-element_type=\"widget\" data-widget_type=\"heading.default\">\n\t\t\t\t<div class=\"elementor-widget-container\">\n\t\t\t<h2 class=\"elementor-heading-title elementor-size-default\">4. Responsabilit\u00e9<\/h2>\t\t<\/div>\n\t\t\t\t<\/div>\n\t\t\t\t<div class=\"elementor-element elementor-element-2d2a2c19 elementor-widget elementor-widget-text-editor\" data-id=\"2d2a2c19\" data-element_type=\"widget\" data-widget_type=\"text-editor.default\">\n\t\t\t\t<div class=\"elementor-widget-container\">\n\t\t\t\t\t\t\t<p data-start=\"1724\" data-end=\"1760\">Les informations disponibles sur ce site sont donn\u00e9es \u00e0 titre indicatif, non contractuel, et peuvent \u00eatre modifi\u00e9es \u00e0 tout moment sans pr\u00e9avis.\u00a0<span style=\"font-variant-ligatures: normal; font-variant-caps: normal; font-family: Lato; font-size: 16px; font-style: normal; font-weight: 600;\" data-start=\"1033\" data-end=\"1054\">Aethic-<\/span><span style=\"font-variant-ligatures: normal; font-variant-caps: normal; font-family: Lato; font-size: 16px; font-style: normal; font-weight: 600;\" data-start=\"1363\" data-end=\"1384\">Assurpr\u00eat<\/span>\u00a0ne saurait garantir l&rsquo;exactitude ou l&rsquo;exhaustivit\u00e9 des informations pr\u00e9sent\u00e9es et d\u00e9cline toute responsabilit\u00e9 pour tout dommage r\u00e9sultant de leur utilisation ou de leur absence.<\/p>\t\t\t\t\t\t<\/div>\n\t\t\t\t<\/div>\n\t\t\t\t<div class=\"elementor-element elementor-element-28fa6d99 elementor-widget elementor-widget-heading\" data-id=\"28fa6d99\" data-element_type=\"widget\" data-widget_type=\"heading.default\">\n\t\t\t\t<div class=\"elementor-widget-container\">\n\t\t\t<h2 class=\"elementor-heading-title elementor-size-default\">5. Activit\u00e9 reglement\u00e9e<\/h2>\t\t<\/div>\n\t\t\t\t<\/div>\n\t\t\t\t<div class=\"elementor-element elementor-element-2e0e248f elementor-widget elementor-widget-text-editor\" data-id=\"2e0e248f\" data-element_type=\"widget\" data-widget_type=\"text-editor.default\">\n\t\t\t\t<div class=\"elementor-widget-container\">\n\t\t\t\t\t\t\t<p data-start=\"1795\" data-end=\"1938\"><span style=\"font-family: Lato; font-size: 16px; font-style: normal; font-variant-ligatures: normal; font-variant-caps: normal; font-weight: 600;\" data-start=\"1033\" data-end=\"1054\">Aethic-<\/span><span style=\"font-family: Lato; font-size: 16px; font-style: normal; font-variant-ligatures: normal; font-variant-caps: normal; font-weight: 600;\" data-start=\"1363\" data-end=\"1384\">Assurpr\u00eat\u00a0<\/span>est une soci\u00e9t\u00e9 de courtage d\u2019assurance exer\u00e7ant en conformit\u00e9 avec l\u2019article <strong data-start=\"1895\" data-end=\"1912\">L.521-2 II b)<\/strong> du Code des assurances.<br \/><span style=\"font-size: 16px;\"><br \/>\u00a0 \u00a0&#8211; Immatricul\u00e9e \u00e0 l\u2019<\/span><strong style=\"font-size: 16px;\" data-start=\"1959\" data-end=\"1968\">ORIAS<\/strong><span style=\"font-size: 16px;\"> sous le num\u00e9ro <\/span><strong style=\"font-size: 16px;\" data-start=\"1984\" data-end=\"1996\">19000962<\/strong><span style=\"font-size: 16px;\"> (consultable sur <\/span><a style=\"font-size: 16px; background-color: #ffffff;\" href=\"https:\/\/www.orias.fr\" target=\"_new\" rel=\"noopener\" data-start=\"2014\" data-end=\"2050\">www.orias.fr<\/a><span style=\"font-size: 16px;\">).<br \/><\/span><span style=\"font-size: 16px;\">\u00a0 \u00a0&#8211; Soumise au contr\u00f4le de l\u2019<\/span><strong style=\"font-size: 16px;\" data-start=\"2081\" data-end=\"2140\">Autorit\u00e9 de Contr\u00f4le Prudentiel et de R\u00e9solution (ACPR)<\/strong><span style=\"font-size: 16px;\"> :\u00a0<\/span><span style=\"font-size: 16px;\">4 Place de Budapest, CS 92459, 75436 Paris Cedex 09.<\/span><\/p><p data-start=\"2202\" data-end=\"2337\">L&rsquo;entreprise a souscrit une assurance de responsabilit\u00e9 civile professionnelle conforme \u00e0 l\u2019article <strong data-start=\"2302\" data-end=\"2336\">L.512-6 du Code des assurances<\/strong>.<\/p><p data-start=\"2339\" data-end=\"2709\"><strong data-start=\"2339\" data-end=\"2355\">Ind\u00e9pendance<\/strong> : notre soci\u00e9t\u00e9 n\u2019a aucun lien capitalistique avec une compagnie d\u2019assurance ou mutuelle. Nous ne sommes pas soumis \u00e0 une obligation contractuelle de travailler exclusivement avec un ou plusieurs assureurs. Notre analyse repose sur un nombre restreint de contrats disponibles sur le march\u00e9. La liste de nos partenaires est disponible sur simple demande.<\/p><p data-start=\"2711\" data-end=\"2762\"><strong data-start=\"2711\" data-end=\"2727\">R\u00e9mun\u00e9ration<\/strong> :<br data-start=\"2729\" data-end=\"2732\" \/>Notre cabinet est r\u00e9mun\u00e9r\u00e9 :<br \/><span style=\"font-size: 16px;\">\u00a0 \u00a0&#8211; Par <\/span><strong style=\"font-size: 16px;\" data-start=\"2769\" data-end=\"2783\">commission<\/strong><span style=\"font-size: 16px;\"> vers\u00e9e par les compagnies d\u2019assurance sur la prime.<br \/><\/span><span style=\"font-size: 16px;\">\u00a0 \u00a0&#8211; Et\/ou par <\/span><strong style=\"font-size: 16px;\" data-start=\"2849\" data-end=\"2863\">honoraires<\/strong><span style=\"font-size: 16px;\">, selon les cas, dont le montant est communiqu\u00e9 pr\u00e9alablement \u00e0 toute souscription.<\/span><\/p>\t\t\t\t\t\t<\/div>\n\t\t\t\t<\/div>\n\t\t\t\t<div class=\"elementor-element elementor-element-482bbadb elementor-widget elementor-widget-heading\" data-id=\"482bbadb\" data-element_type=\"widget\" data-widget_type=\"heading.default\">\n\t\t\t\t<div class=\"elementor-widget-container\">\n\t\t\t<h2 class=\"elementor-heading-title elementor-size-default\">6. Donn\u00e9es personnelles<\/h2>\t\t<\/div>\n\t\t\t\t<\/div>\n\t\t\t\t<div class=\"elementor-element elementor-element-67556983 elementor-widget elementor-widget-text-editor\" data-id=\"67556983\" data-element_type=\"widget\" data-widget_type=\"text-editor.default\">\n\t\t\t\t<div class=\"elementor-widget-container\">\n\t\t\t\t\t\t\t<p data-start=\"3491\" data-end=\"3672\">Les donn\u00e9es collect\u00e9es sont n\u00e9cessaires \u00e0 l\u2019analyse et au traitement de votre demande par\u00a0<span style=\"font-variant-ligatures: normal; font-variant-caps: normal; font-family: Lato; font-size: 16px; font-style: normal; font-weight: 600;\" data-start=\"1033\" data-end=\"1054\">Aethic-<\/span><span style=\"font-variant-ligatures: normal; font-variant-caps: normal; font-family: Lato; font-size: 16px; font-style: normal; font-weight: 600;\" data-start=\"1363\" data-end=\"1384\">Assurpr\u00eat<\/span>\u00a0et ses partenaires (assureurs, courtiers, sous-traitants).<\/p><p data-start=\"3674\" data-end=\"3937\">L&rsquo;acc\u00e8s \u00e0 vos donn\u00e9es est limit\u00e9 aux personnes autoris\u00e9es et aux tiers soumis \u00e0 une obligation de confidentialit\u00e9. Nous ne c\u00e9dons ni ne vendons vos donn\u00e9es \u00e0 des tiers sans votre consentement, sauf obligation l\u00e9gale (lutte contre la fraude, etc.).<\/p><p data-start=\"3939\" data-end=\"4053\"><strong data-start=\"3939\" data-end=\"3964\">Dur\u00e9e de conservation<\/strong> : vos donn\u00e9es sont conserv\u00e9es selon les dur\u00e9es pr\u00e9vues par la r\u00e9glementation applicable.<\/p><p data-start=\"4055\" data-end=\"4394\">Conform\u00e9ment \u00e0 la loi \u00ab Informatique et Libert\u00e9s \u00bb du 20 juin 2018 et au <strong data-start=\"4128\" data-end=\"4136\">RGPD<\/strong>, vous disposez de droits sur vos donn\u00e9es (acc\u00e8s, rectification, effacement, opposition\u2026).<br data-start=\"4226\" data-end=\"4229\" \/>Pour exercer vos droits, adressez une demande accompagn\u00e9e d\u2019une pi\u00e8ce d\u2019identit\u00e9 \u00e0 :<br data-start=\"4316\" data-end=\"4319\" \/><strong data-start=\"4319\" data-end=\"4394\">Jean-Marc Fabi\u00e9 \u2013\u00a0<span style=\"font-variant-ligatures: normal; font-variant-caps: normal; font-family: Lato; font-size: 16px; font-style: normal; font-weight: 600;\" data-start=\"1033\" data-end=\"1054\">Aethic-<\/span><span style=\"font-variant-ligatures: normal; font-variant-caps: normal; font-family: Lato; font-size: 16px; font-style: normal; font-weight: 600;\" data-start=\"1363\" data-end=\"1384\">Assurpr\u00eat<\/span>, 25 rue du Ch\u00e2tenay, 69680 CHASSIEU<\/strong><\/p><hr data-start=\"4396\" data-end=\"4399\" \/><p data-start=\"4401\" data-end=\"4509\" data-is-last-node=\"\" data-is-only-node=\"\">\u00a0<\/p>\t\t\t\t\t\t<\/div>\n\t\t\t\t<\/div>\n\t\t\t\t\t<\/div>\n\t\t<\/div>\n\t\t\t\t\t\t\t<\/div>\n\t\t<\/section>\n\t\t\t\t<section class=\"elementor-section elementor-top-section elementor-element elementor-element-5ed31d0a elementor-section-boxed elementor-section-height-default elementor-section-height-default\" data-id=\"5ed31d0a\" data-element_type=\"section\">\n\t\t\t\t\t\t<div class=\"elementor-container elementor-column-gap-default\">\n\t\t\t\t\t<div class=\"elementor-column elementor-col-100 elementor-top-column elementor-element elementor-element-78298ebb\" data-id=\"78298ebb\" data-element_type=\"column\">\n\t\t\t<div class=\"elementor-widget-wrap elementor-element-populated\">\n\t\t\t\t\t\t\t\t<div class=\"elementor-element elementor-element-40bb00d5 elementor-widget elementor-widget-spacer\" data-id=\"40bb00d5\" data-element_type=\"widget\" data-widget_type=\"spacer.default\">\n\t\t\t\t<div class=\"elementor-widget-container\">\n\t\t\t\t\t<div class=\"elementor-spacer\">\n\t\t\t<div class=\"elementor-spacer-inner\"><\/div>\n\t\t<\/div>\n\t\t\t\t<\/div>\n\t\t\t\t<\/div>\n\t\t\t\t\t<\/div>\n\t\t<\/div>\n\t\t\t\t\t\t\t<\/div>\n\t\t<\/section>\n\t\t\t\t\t\t\t<\/div>\n\t\t","protected":false},"excerpt":{"rendered":"<p>Mentions L\u00e9gales 1. Editeur du site Le site www.aethic-assurpret.fr est la propri\u00e9t\u00e9 de la soci\u00e9t\u00e9 Aethic-Assurpr\u00eat, SARL au capital social de 101.000 \u20ac, immatricul\u00e9e au RCS de Lyon sous le num\u00e9ro SIREN 844 140 400. Si\u00e8ge social :Aethic Assurances25 rue du Ch\u00e2tenay69680 CHASSIEU \u2013 France Directeur de la publication :Jean-Marc Fabi\u00e9 2. H\u00e9bergement du site [&hellip;]<\/p>\n","protected":false},"author":1,"featured_media":0,"parent":0,"menu_order":0,"comment_status":"closed","ping_status":"closed","template":"elementor_header_footer","meta":[],"_links":{"self":[{"href":"http:\/\/aethic-assurpret.fr\/index.php?rest_route=\/wp\/v2\/pages\/2379"}],"collection":[{"href":"http:\/\/aethic-assurpret.fr\/index.php?rest_route=\/wp\/v2\/pages"}],"about":[{"href":"http:\/\/aethic-assurpret.fr\/index.php?rest_route=\/wp\/v2\/types\/page"}],"author":[{"embeddable":true,"href":"http:\/\/aethic-assurpret.fr\/index.php?rest_route=\/wp\/v2\/users\/1"}],"replies":[{"embeddable":true,"href":"http:\/\/aethic-assurpret.fr\/index.php?rest_route=%2Fwp%2Fv2%2Fcomments&post=2379"}],"version-history":[{"count":10,"href":"http:\/\/aethic-assurpret.fr\/index.php?rest_route=\/wp\/v2\/pages\/2379\/revisions"}],"predecessor-version":[{"id":2390,"href":"http:\/\/aethic-assurpret.fr\/index.php?rest_route=\/wp\/v2\/pages\/2379\/revisions\/2390"}],"wp:attachment":[{"href":"http:\/\/aethic-assurpret.fr\/index.php?rest_route=%2Fwp%2Fv2%2Fmedia&parent=2379"}],"curies":[{"name":"wp","href":"https:\/\/api.w.org\/{rel}","templated":true}]}}