{"id":3,"date":"2021-12-22T18:12:28","date_gmt":"2021-12-22T17:12:28","guid":{"rendered":"http:\/\/aethic-assurpret.fr\/?page_id=3"},"modified":"2025-06-11T22:14:08","modified_gmt":"2025-06-11T20:14:08","slug":"politique-de-confidentialite","status":"publish","type":"page","link":"http:\/\/aethic-assurpret.fr\/?page_id=3","title":{"rendered":"Politique de confidentialit\u00e9"},"content":{"rendered":"\t\t<div data-elementor-type=\"wp-page\" data-elementor-id=\"3\" class=\"elementor elementor-3\">\n\t\t\t\t\t\t\t\t\t<section class=\"elementor-section elementor-top-section elementor-element elementor-element-6a76e9e2 elementor-section-content-middle elementor-section-boxed elementor-section-height-default elementor-section-height-default\" data-id=\"6a76e9e2\" data-element_type=\"section\" data-settings=\"{&quot;background_background&quot;:&quot;classic&quot;}\">\n\t\t\t\t\t\t<div class=\"elementor-container elementor-column-gap-default\">\n\t\t\t\t\t<div class=\"elementor-column elementor-col-100 elementor-top-column elementor-element elementor-element-4ca6f4d5\" data-id=\"4ca6f4d5\" data-element_type=\"column\">\n\t\t\t<div class=\"elementor-widget-wrap elementor-element-populated\">\n\t\t\t\t\t\t\t\t<div class=\"elementor-element elementor-element-4294fe19 elementor-widget elementor-widget-spacer\" data-id=\"4294fe19\" data-element_type=\"widget\" data-widget_type=\"spacer.default\">\n\t\t\t\t<div class=\"elementor-widget-container\">\n\t\t\t<style>\/*! elementor - v3.6.2 - 04-04-2022 *\/\n.e-container.e-container--row .elementor-spacer-inner{width:var(--spacer-size)}.e-container.e-container--column .elementor-spacer-inner,.elementor-column .elementor-spacer-inner{height:var(--spacer-size)}<\/style>\t\t<div class=\"elementor-spacer\">\n\t\t\t<div class=\"elementor-spacer-inner\"><\/div>\n\t\t<\/div>\n\t\t\t\t<\/div>\n\t\t\t\t<\/div>\n\t\t\t\t<div class=\"elementor-element elementor-element-1fe879d9 elementor-widget elementor-widget-heading\" data-id=\"1fe879d9\" data-element_type=\"widget\" data-widget_type=\"heading.default\">\n\t\t\t\t<div class=\"elementor-widget-container\">\n\t\t\t<style>\/*! elementor - v3.6.2 - 04-04-2022 *\/\n.elementor-heading-title{padding:0;margin:0;line-height:1}.elementor-widget-heading .elementor-heading-title[class*=elementor-size-]>a{color:inherit;font-size:inherit;line-height:inherit}.elementor-widget-heading .elementor-heading-title.elementor-size-small{font-size:15px}.elementor-widget-heading .elementor-heading-title.elementor-size-medium{font-size:19px}.elementor-widget-heading .elementor-heading-title.elementor-size-large{font-size:29px}.elementor-widget-heading .elementor-heading-title.elementor-size-xl{font-size:39px}.elementor-widget-heading .elementor-heading-title.elementor-size-xxl{font-size:59px}<\/style><h2 class=\"elementor-heading-title elementor-size-default\">Politiques de confidentialit\u00e9<\/h2>\t\t<\/div>\n\t\t\t\t<\/div>\n\t\t\t\t<div class=\"elementor-element elementor-element-264bdb4a elementor-widget elementor-widget-text-editor\" data-id=\"264bdb4a\" data-element_type=\"widget\" data-widget_type=\"text-editor.default\">\n\t\t\t\t<div class=\"elementor-widget-container\">\n\t\t\t<style>\/*! elementor - v3.6.2 - 04-04-2022 *\/\n.elementor-widget-text-editor.elementor-drop-cap-view-stacked .elementor-drop-cap{background-color:#818a91;color:#fff}.elementor-widget-text-editor.elementor-drop-cap-view-framed .elementor-drop-cap{color:#818a91;border:3px solid;background-color:transparent}.elementor-widget-text-editor:not(.elementor-drop-cap-view-default) .elementor-drop-cap{margin-top:8px}.elementor-widget-text-editor:not(.elementor-drop-cap-view-default) .elementor-drop-cap-letter{width:1em;height:1em}.elementor-widget-text-editor .elementor-drop-cap{float:left;text-align:center;line-height:1;font-size:50px}.elementor-widget-text-editor .elementor-drop-cap-letter{display:inline-block}<\/style>\t\t\t\t\t\t\t\t\t\t<\/div>\n\t\t\t\t<\/div>\n\t\t\t\t<div class=\"elementor-element elementor-element-5721d8ad elementor-widget elementor-widget-spacer\" data-id=\"5721d8ad\" data-element_type=\"widget\" data-widget_type=\"spacer.default\">\n\t\t\t\t<div class=\"elementor-widget-container\">\n\t\t\t\t\t<div class=\"elementor-spacer\">\n\t\t\t<div class=\"elementor-spacer-inner\"><\/div>\n\t\t<\/div>\n\t\t\t\t<\/div>\n\t\t\t\t<\/div>\n\t\t\t\t\t<\/div>\n\t\t<\/div>\n\t\t\t\t\t\t\t<\/div>\n\t\t<\/section>\n\t\t\t\t<section class=\"elementor-section elementor-top-section elementor-element elementor-element-77b4c865 elementor-section-boxed elementor-section-height-default elementor-section-height-default\" data-id=\"77b4c865\" data-element_type=\"section\">\n\t\t\t\t\t\t<div class=\"elementor-container elementor-column-gap-default\">\n\t\t\t\t\t<div class=\"elementor-column elementor-col-100 elementor-top-column elementor-element elementor-element-2df554e2\" data-id=\"2df554e2\" data-element_type=\"column\">\n\t\t\t<div class=\"elementor-widget-wrap elementor-element-populated\">\n\t\t\t\t\t\t\t\t<div class=\"elementor-element elementor-element-a8d8815 elementor-widget elementor-widget-text-editor\" data-id=\"a8d8815\" data-element_type=\"widget\" data-widget_type=\"text-editor.default\">\n\t\t\t\t<div class=\"elementor-widget-container\">\n\t\t\t\t\t\t\t<p>Bienvenue sur le site <a href=\"http:\/\/aethic-assurpret.fr\/\"><strong>www.aethic-assurpret.fr<\/strong><\/a>, \u00e9dit\u00e9 par <strong data-start=\"481\" data-end=\"502\">Aethic Assur&rsquo;Pr\u00eat<\/strong>, soci\u00e9t\u00e9 sp\u00e9cialis\u00e9e dans le courtage en assurance et pr\u00eat.<br data-start=\"562\" data-end=\"565\" \/>La pr\u00e9sente politique de confidentialit\u00e9 a pour but de vous informer de mani\u00e8re transparente sur la collecte, l&rsquo;utilisation, le stockage et la protection de vos donn\u00e9es personnelles conform\u00e9ment au R\u00e8glement G\u00e9n\u00e9ral sur la Protection des Donn\u00e9es (RGPD) et \u00e0 la l\u00e9gislation fran\u00e7aise en vigueur. <br \/><br \/><strong data-start=\"578\" data-end=\"748\">Certaines donn\u00e9es sont transmises \u00e0 des services tiers (courtiers grossistes, gestionnaires, assureurs) afin de r\u00e9aliser des \u00e9tudes comparatives en assurance de pr\u00eat.<\/strong> Ces transferts de donn\u00e9es sont strictement n\u00e9cessaires \u00e0 l\u2019ex\u00e9cution du service demand\u00e9.<\/p>\t\t\t\t\t\t<\/div>\n\t\t\t\t<\/div>\n\t\t\t\t<div class=\"elementor-element elementor-element-2576fab1 elementor-widget elementor-widget-heading\" data-id=\"2576fab1\" data-element_type=\"widget\" data-widget_type=\"heading.default\">\n\t\t\t\t<div class=\"elementor-widget-container\">\n\t\t\t<h2 class=\"elementor-heading-title elementor-size-default\">1. G\u00e9rer votre consentement<\/h2>\t\t<\/div>\n\t\t\t\t<\/div>\n\t\t\t\t<div class=\"elementor-element elementor-element-d60af11 elementor-widget elementor-widget-text-editor\" data-id=\"d60af11\" data-element_type=\"widget\" data-widget_type=\"text-editor.default\">\n\t\t\t\t<div class=\"elementor-widget-container\">\n\t\t\t\t\t\t\t<p>Lorsque vous remplissez un formulaire de contact ou notre formulaire Google Form, vos donn\u00e9es saisies sont transmises \u00e0 notre \u00e9quipe.<br \/>Nous ne stockons aucun num\u00e9ros de carte bancaire sur notre site internet. Les paiements sont s\u00e9curis\u00e9s et externalis\u00e9s via un prestataire de service de paiement conforme aux normes en vigueur.<\/p>\t\t\t\t\t\t<\/div>\n\t\t\t\t<\/div>\n\t\t\t\t<div class=\"elementor-element elementor-element-e2bbe78 elementor-widget elementor-widget-heading\" data-id=\"e2bbe78\" data-element_type=\"widget\" data-widget_type=\"heading.default\">\n\t\t\t\t<div class=\"elementor-widget-container\">\n\t\t\t<h2 class=\"elementor-heading-title elementor-size-default\">2. Donn\u00e9es collect\u00e9es<\/h2>\t\t<\/div>\n\t\t\t\t<\/div>\n\t\t\t\t<div class=\"elementor-element elementor-element-12e20760 elementor-widget elementor-widget-text-editor\" data-id=\"12e20760\" data-element_type=\"widget\" data-widget_type=\"text-editor.default\">\n\t\t\t\t<div class=\"elementor-widget-container\">\n\t\t\t\t\t\t\t<p data-start=\"1353\" data-end=\"1413\">Les types de donn\u00e9es que nous pouvons collecter incluent :<\/p>\n<p data-start=\"1353\" data-end=\"1413\">\u00a0 \u00a0&#8211; Donn\u00e9es d\u2019identification : nom, pr\u00e9nom, email, t\u00e9l\u00e9phone<br \/>\u00a0 \u00a0&#8211; Donn\u00e9es financi\u00e8res et professionnelles : situation, revenus, besoin en assurance<br \/>\u00a0 \u00a0&#8211; Donn\u00e9es de navigation : adresse IP, cookies, pages visit\u00e9es<br \/>\u00a0 \u00a0&#8211; Donn\u00e9es transmises via formulaires de contact ou devis<\/p>\t\t\t\t\t\t<\/div>\n\t\t\t\t<\/div>\n\t\t\t\t<div class=\"elementor-element elementor-element-8519f66 elementor-widget elementor-widget-heading\" data-id=\"8519f66\" data-element_type=\"widget\" data-widget_type=\"heading.default\">\n\t\t\t\t<div class=\"elementor-widget-container\">\n\t\t\t<h2 class=\"elementor-heading-title elementor-size-default\">3. Finalit\u00e9s du traitement<\/h2>\t\t<\/div>\n\t\t\t\t<\/div>\n\t\t\t\t<div class=\"elementor-element elementor-element-e10ab97 elementor-widget elementor-widget-text-editor\" data-id=\"e10ab97\" data-element_type=\"widget\" data-widget_type=\"text-editor.default\">\n\t\t\t\t<div class=\"elementor-widget-container\">\n\t\t\t\t\t\t\t<p data-start=\"1724\" data-end=\"1760\">Les donn\u00e9es collect\u00e9es servent \u00e0 :<\/p>\n<p data-start=\"1763\" data-end=\"1818\">\u00a0 \u00a0&#8211; R\u00e9aliser des devis personnalis\u00e9s en assurance de pr\u00eat<br \/>\u00a0 \u00a0&#8211; Vous conseiller sur des offres adapt\u00e9es<br \/>\u00a0 \u00a0&#8211; Constituer des dossiers de souscription<br \/>\u00a0 \u00a0&#8211; Vous recontacter dans le cadre de votre demande<br \/>\u00a0 \u00a0&#8211; Respecter nos obligations l\u00e9gales.<br \/>\u00a0 \u00a0&#8211; Mesurer l\u2019audience et am\u00e9liorer l\u2019exp\u00e9rience utilisateur<\/p>\t\t\t\t\t\t<\/div>\n\t\t\t\t<\/div>\n\t\t\t\t<div class=\"elementor-element elementor-element-8727272 elementor-widget elementor-widget-heading\" data-id=\"8727272\" data-element_type=\"widget\" data-widget_type=\"heading.default\">\n\t\t\t\t<div class=\"elementor-widget-container\">\n\t\t\t<h2 class=\"elementor-heading-title elementor-size-default\">4. Dur\u00e9e de conservation des donn\u00e9es<\/h2>\t\t<\/div>\n\t\t\t\t<\/div>\n\t\t\t\t<div class=\"elementor-element elementor-element-c3552af elementor-widget elementor-widget-text-editor\" data-id=\"c3552af\" data-element_type=\"widget\" data-widget_type=\"text-editor.default\">\n\t\t\t\t<div class=\"elementor-widget-container\">\n\t\t\t\t\t\t\t<p data-start=\"1724\" data-end=\"1760\">Pour votre information, nous conservons vos donn\u00e9es personnelles selon les dur\u00e9es suivantes :<br \/><br \/>\u00a0 \u00a0&#8211;\u00a0 Conservation des devis\/simulations en attente : 1 an<br \/>\u00a0 \u00a0&#8211; Conservation des devis sans suite :\u00a0 1 an<br \/>\u00a0 \u00a0&#8211;\u00a0 Conservation des adh\u00e9sions annul\u00e9es : 1 an<br \/>\u00a0 \u00a0&#8211; Conservation des adh\u00e9sions r\u00e9alis\u00e9es : 1 an<\/p>\t\t\t\t\t\t<\/div>\n\t\t\t\t<\/div>\n\t\t\t\t<div class=\"elementor-element elementor-element-5f2331f elementor-widget elementor-widget-heading\" data-id=\"5f2331f\" data-element_type=\"widget\" data-widget_type=\"heading.default\">\n\t\t\t\t<div class=\"elementor-widget-container\">\n\t\t\t<h2 class=\"elementor-heading-title elementor-size-default\">5. Vos droits sur vos donn\u00e9es<\/h2>\t\t<\/div>\n\t\t\t\t<\/div>\n\t\t\t\t<div class=\"elementor-element elementor-element-dbe85e5 elementor-widget elementor-widget-text-editor\" data-id=\"dbe85e5\" data-element_type=\"widget\" data-widget_type=\"text-editor.default\">\n\t\t\t\t<div class=\"elementor-widget-container\">\n\t\t\t\t\t\t\t<p data-start=\"3049\" data-end=\"3162\">Conform\u00e9ment au <strong data-start=\"3065\" data-end=\"3123\">R\u00e8glement G\u00e9n\u00e9ral sur la Protection des Donn\u00e9es (RGPD)<\/strong>, vous disposez des droits suivants :<\/p>\n<p data-start=\"3165\" data-end=\"3180\">\u00a0 \u00a0&#8211; Droit d\u2019acc\u00e8s<br \/>\u00a0 \u00a0&#8211; Droit de rectification<br \/>\u00a0 \u00a0&#8211; Droit d\u2019effacement<br \/>\u00a0 \u00a0&#8211; Droit d\u2019opposition<br \/>\u00a0 \u00a0&#8211; Droit \u00e0 la limitation du traitement<br \/>\u00a0 \u00a0&#8211; Droit \u00e0 la portabilit\u00e9<\/p>\n<p data-start=\"3320\" data-end=\"3509\">Vous pouvez demander la <strong data-start=\"3344\" data-end=\"3387\">suppression de vos donn\u00e9es personnelles<\/strong> \u00e0 tout moment. Toutefois, cela ne concerne pas les donn\u00e9es conserv\u00e9es \u00e0 des fins administratives, l\u00e9gales ou de s\u00e9curit\u00e9.<\/p>\t\t\t\t\t\t<\/div>\n\t\t\t\t<\/div>\n\t\t\t\t<div class=\"elementor-element elementor-element-ac9386c elementor-widget elementor-widget-heading\" data-id=\"ac9386c\" data-element_type=\"widget\" data-widget_type=\"heading.default\">\n\t\t\t\t<div class=\"elementor-widget-container\">\n\t\t\t<h2 class=\"elementor-heading-title elementor-size-default\">6. Les Cookies (donn\u00e9es de navigation)<\/h2>\t\t<\/div>\n\t\t\t\t<\/div>\n\t\t\t\t<div class=\"elementor-element elementor-element-651e27e elementor-widget elementor-widget-text-editor\" data-id=\"651e27e\" data-element_type=\"widget\" data-widget_type=\"text-editor.default\">\n\t\t\t\t<div class=\"elementor-widget-container\">\n\t\t\t\t\t\t\t<h3 data-start=\"797\" data-end=\"828\"><span style=\"text-decoration: underline;\"><strong data-start=\"801\" data-end=\"826\">6.1. G\u00e9rer vos pr\u00e9f\u00e9rences<\/strong><\/span><\/h3>\n<p data-start=\"829\" data-end=\"1011\">Vous pouvez accepter, refuser ou param\u00e9trer les cookies via le bandeau de consentement lors de votre premi\u00e8re visite ou en modifiant les param\u00e8tres de votre navigateur \u00e0 tout moment.<br \/><br \/><\/p>\n<h3 data-start=\"466\" data-end=\"503\"><span style=\"text-decoration: underline;\"><strong data-start=\"470\" data-end=\"501\">6.2 Types de cookies utilis\u00e9s :<\/strong><\/span><\/h3>\n<p data-start=\"506\" data-end=\"587\"><strong data-start=\"506\" data-end=\"541\">\u00a0 \u00a0&#8211; Cookies strictement n\u00e9cessaires<\/strong> : permettent le bon fonctionnement du site.<br \/><strong data-start=\"590\" data-end=\"647\">\u00a0 \u00a0&#8211; Cookies de mesure d\u2019audience<\/strong>\u00a0: nous aident \u00e0 analyser l\u2019usage du site pour l\u2019am\u00e9liorer.<br \/><br \/><\/p>\n<h3 data-start=\"1013\" data-end=\"1044\"><span style=\"text-decoration: underline;\"><strong data-start=\"1017\" data-end=\"1042\">6.3 Dur\u00e9e de conservation<\/strong><\/span><\/h3>\n<p data-start=\"1045\" data-end=\"1111\">Les cookies sont conserv\u00e9s pour une dur\u00e9e maximale de <strong data-start=\"1099\" data-end=\"1110\">13 mois<\/strong>.<\/p>\t\t\t\t\t\t<\/div>\n\t\t\t\t<\/div>\n\t\t\t\t\t<\/div>\n\t\t<\/div>\n\t\t\t\t\t\t\t<\/div>\n\t\t<\/section>\n\t\t\t\t<section class=\"elementor-section elementor-top-section elementor-element elementor-element-4594d83 elementor-section-boxed elementor-section-height-default elementor-section-height-default\" data-id=\"4594d83\" data-element_type=\"section\">\n\t\t\t\t\t\t<div class=\"elementor-container elementor-column-gap-default\">\n\t\t\t\t\t<div class=\"elementor-column elementor-col-100 elementor-top-column elementor-element elementor-element-1d7c7fb\" data-id=\"1d7c7fb\" data-element_type=\"column\">\n\t\t\t<div class=\"elementor-widget-wrap elementor-element-populated\">\n\t\t\t\t\t\t\t\t<div class=\"elementor-element elementor-element-25241ca elementor-widget elementor-widget-spacer\" data-id=\"25241ca\" data-element_type=\"widget\" data-widget_type=\"spacer.default\">\n\t\t\t\t<div class=\"elementor-widget-container\">\n\t\t\t\t\t<div class=\"elementor-spacer\">\n\t\t\t<div class=\"elementor-spacer-inner\"><\/div>\n\t\t<\/div>\n\t\t\t\t<\/div>\n\t\t\t\t<\/div>\n\t\t\t\t\t<\/div>\n\t\t<\/div>\n\t\t\t\t\t\t\t<\/div>\n\t\t<\/section>\n\t\t\t\t\t\t\t<\/div>\n\t\t","protected":false},"excerpt":{"rendered":"<p>Politiques de confidentialit\u00e9 Bienvenue sur le site www.aethic-assurpret.fr, \u00e9dit\u00e9 par Aethic Assur&rsquo;Pr\u00eat, soci\u00e9t\u00e9 sp\u00e9cialis\u00e9e dans le courtage en assurance et pr\u00eat.La pr\u00e9sente politique de confidentialit\u00e9 a pour but de vous informer de mani\u00e8re transparente sur la collecte, l&rsquo;utilisation, le stockage et la protection de vos donn\u00e9es personnelles conform\u00e9ment au R\u00e8glement G\u00e9n\u00e9ral sur la Protection des [&hellip;]<\/p>\n","protected":false},"author":1,"featured_media":0,"parent":0,"menu_order":0,"comment_status":"closed","ping_status":"open","template":"elementor_header_footer","meta":[],"_links":{"self":[{"href":"http:\/\/aethic-assurpret.fr\/index.php?rest_route=\/wp\/v2\/pages\/3"}],"collection":[{"href":"http:\/\/aethic-assurpret.fr\/index.php?rest_route=\/wp\/v2\/pages"}],"about":[{"href":"http:\/\/aethic-assurpret.fr\/index.php?rest_route=\/wp\/v2\/types\/page"}],"author":[{"embeddable":true,"href":"http:\/\/aethic-assurpret.fr\/index.php?rest_route=\/wp\/v2\/users\/1"}],"replies":[{"embeddable":true,"href":"http:\/\/aethic-assurpret.fr\/index.php?rest_route=%2Fwp%2Fv2%2Fcomments&post=3"}],"version-history":[{"count":39,"href":"http:\/\/aethic-assurpret.fr\/index.php?rest_route=\/wp\/v2\/pages\/3\/revisions"}],"predecessor-version":[{"id":2366,"href":"http:\/\/aethic-assurpret.fr\/index.php?rest_route=\/wp\/v2\/pages\/3\/revisions\/2366"}],"wp:attachment":[{"href":"http:\/\/aethic-assurpret.fr\/index.php?rest_route=%2Fwp%2Fv2%2Fmedia&parent=3"}],"curies":[{"name":"wp","href":"https:\/\/api.w.org\/{rel}","templated":true}]}}